{"id":166,"date":"2011-03-07T13:09:12","date_gmt":"2011-03-07T13:09:12","guid":{"rendered":"http:\/\/www.ethologycouncil.org\/?page_id=166"},"modified":"2025-05-07T10:57:53","modified_gmt":"2025-05-07T10:57:53","slug":"about-us-ethology-worldwide","status":"publish","type":"page","link":"http:\/\/www.ethologycouncil.org\/?page_id=166","title":{"rendered":"Ethology Worldwide"},"content":{"rendered":"<p><strong><span style=\"font-family: Arial,Helvetica;\"><span style=\"color: #003300;\"><span style=\"color: #ff6600;\">ARGENTINA<\/span><\/span><\/span><br \/>\n<\/strong><span style=\"font-family: Arial,Helvetica; color: #003300;\"><a href=\"http:\/\/www.asaeargentina.com.ar\/\" target=\"_blank\" rel=\"noopener noreferrer\">Asociaci\u00f3n Argentina de Ecolog\u00eda<\/a><\/span><\/p>\n<p><strong><span style=\"font-family: Arial,Helvetica;\"><span style=\"color: #ff6600;\">AUSTRALIA<\/span><\/span><br \/>\n<\/strong><a href=\"http:\/\/www.assab.org\/\" target=\"_blank\" rel=\"noopener noreferrer\">Australasian Society for the Study of Animal Behaviour<\/a> (Australia and New Zealand)<\/p>\n<p><strong><span style=\"font-family: Arial,Helvetica;\"><span style=\"color: #ff6600;\">AUSTRIA<\/span><\/span><br \/>\n<\/strong><a href=\"https:\/\/www.etho-ges.de\/wordpress\/\" target=\"_blank\" rel=\"noopener noreferrer\">Ethologische Gesellschaft<\/a><\/p>\n<p><span style=\"font-family: Arial,Helvetica;\"><span style=\"color: #003300;\"><strong><span style=\"color: #ff6600;\">BRAZIL<\/span><\/strong><\/span><\/span><\/p>\n<p><a title=\"Sociedade Brasileira de Etologia\" href=\"http:\/\/www.etologiabrasil.org.br\/\" target=\"_blank\" rel=\"noopener noreferrer\">Sociedade Brasileira de Etologia<\/a><\/p>\n<p><span style=\"font-family: Arial,Helvetica;\"><span style=\"color: #003300;\"><strong><span style=\"color: #ff6600;\">CANADA<\/span><\/strong><\/span><\/span><br \/>\n<span style=\"font-family: Arial,Helvetica;\"><span style=\"color: #003300;\"><a href=\"http:\/\/www.er.uqam.ca\/nobel\/sqebc\/\" target=\"_blank\" rel=\"noopener noreferrer\">Soci\u00e9t\u00e9 Qu\u00e9b\u00e9coise pour l&#8217;\u00c9tude Biologique du Comportement \/ Quebec Society for the Biological Study of Animal Behaviour<\/a><\/span><\/span><\/p>\n<p><span style=\"font-family: Arial,Helvetica;\"><span style=\"color: #003300;\"><a href=\"http:\/\/www.animalbehavior.org\/\" target=\"_blank\" rel=\"noopener noreferrer\">ABS<\/a>: Animal Behavior Society (North America)<\/span><\/span><\/p>\n<p><span style=\"font-family: Arial,Helvetica; color: #003300;\"><strong><span style=\"color: #ff6600;\">CHILE<\/span><\/strong><\/span><br \/>\n<span style=\"color: #008000;\"><a title=\"Sociedad Chile de Etolog\u00eda\" href=\"http:\/\/sociedadchilenaetologia.cl\/\"><span style=\"font-family: Arial, Helvetica; color: #008000;\">Sociedad Chilena de Etologia<\/span><\/a><\/span><\/p>\n<p><strong><span style=\"color: #ff6600;\"><span style=\"font-family: Arial,Helvetica;\">CZECH REPUBLIC AND SLOVAKIA<\/span><br \/>\n<\/span><\/strong><span style=\"font-family: Arial,Helvetica; color: #003300;\"><a href=\"http:\/\/www.csets.sk\/\" target=\"_blank\" rel=\"noopener noreferrer\">Czech and Slovak Ethological Society<\/a><\/span><\/p>\n<p><span style=\"color: #003300;\"><span style=\"font-family: Arial,Helvetica;\"><strong><span style=\"color: #ff6600;\">EUROPE<\/span><\/strong>, in general<\/span><\/span><br \/>\nEuropean Behavioural Biology<br \/>\n<a href=\"http:\/\/www.asab.org\/\" target=\"_blank\" rel=\"noopener noreferrer\">ASAB<\/a>: Association for the Study of Animal Behaviour<\/p>\n<p><span style=\"font-family: Arial; color: #003300;\"><strong><span style=\"color: #ff6600;\">FRANCE<\/span><\/strong><\/span><br \/>\n<a href=\"https:\/\/sfeca.cnrs.fr\/\" target=\"_blank\" rel=\"noopener noreferrer\">Soci\u00e9t\u00e9 Fran\u00e7aise pour l&#8217;\u00c9tude du Comportement Animal<\/a><\/p>\n<p><span style=\"font-family: Arial,Helvetica;\"><span style=\"color: #003300;\"><strong><span style=\"color: #ff6600;\">GERMANY<\/span><\/strong><\/span><\/span><br \/>\n<a href=\"https:\/\/www.etho-ges.de\/wordpress\/\" target=\"_blank\" rel=\"noopener noreferrer\">Ethologische Gesellschaft<\/a><\/p>\n<p><span style=\"font-family: Arial,Helvetica;\"><span style=\"color: #003300;\"><strong><span style=\"color: #ff6600;\">HUNGARY<\/span><\/strong><\/span><\/span><br \/>\n<a href=\"http:\/\/zoology.unideb.hu\/met\/?rid=1\" target=\"_blank\" rel=\"noopener noreferrer\">Magyar Etol\u00f3giai T\u00e1rsas\u00e1g \/ Hungarian Ethological Society <\/a><\/p>\n<p><span style=\"font-family: Arial,Helvetica;\"><span style=\"color: #003300;\"><strong><span style=\"color: #ff6600;\">INDIA<\/span><\/strong><\/span><\/span><br \/>\n<span style=\"font-family: Arial,Helvetica;\"><span style=\"color: #003300;\">Ethological Society of India<\/span><\/span><\/p>\n<p><span style=\"font-family: Arial,Helvetica;\"><span style=\"color: #003300;\"><strong><span style=\"color: #ff6600;\">ISRAEL<\/span><\/strong><\/span><\/span><br \/>\n<span style=\"font-family: Arial,Helvetica; color: #003300;\">Zoological Society of Israel<\/span><\/p>\n<p><span style=\"font-family: Arial,Helvetica;\"><span style=\"color: #003300;\"><a href=\"http:\/\/isfn.org.il\/\" target=\"_blank\" rel=\"noopener noreferrer\">Israel Society of Neuroscience<\/a><\/span><\/span><\/p>\n<p><span style=\"font-family: Arial,Helvetica;\"><span style=\"color: #003300;\"><strong><span style=\"color: #ff6600;\">ITALY<\/span><\/strong><\/span><\/span><br \/>\n<span style=\"font-family: Arial,Helvetica;\"><span style=\"color: #003300;\"><a href=\"http:\/\/www.sie-etologia.it\/\" target=\"_blank\" rel=\"noopener noreferrer\">http:\/\/www.sie-etologia.it\/<\/a><\/span><\/span><\/p>\n<p><span style=\"font-family: Arial,Helvetica;\"><span style=\"color: #003300;\"><strong><span style=\"color: #ff6600;\">JAPAN<\/span><\/strong><\/span><\/span><br \/>\n<span style=\"font-family: Arial,Helvetica;\"><span style=\"color: #003300;\"><a href=\"http:\/\/www.ethology.jp\/index-e.html\" target=\"_blank\" rel=\"noopener noreferrer\">Japan Ethological Society<\/a><\/span><\/span><\/p>\n<p><span style=\"color: #003300;\"><strong><span style=\"color: #ff6600;\">MEXICO<\/span><\/strong><\/span>\u00a0<span style=\"font-family: Arial; font-size: x-small;\"><br \/>\n<\/span><a href=\"http:\/\/www.animalbehavior.org\/\" target=\"_blank\" rel=\"noopener noreferrer\">ABS<\/a>: Animal Behavior Society (North America)<\/p>\n<p><span style=\"font-family: Arial,Helvetica;\"><span style=\"color: #003300;\"><span style=\"color: #ff6600;\"><strong>NETHERLANDS<\/strong><\/span><\/span><\/span><br \/>\n<a href=\"http:\/\/www.gedragsbiologie.nl\/\" target=\"_blank\" rel=\"noopener noreferrer\">Nederlandse Vereniging voor Gedragsbiologie \/ Netherlands Society of Behavioural Biology<\/a><\/p>\n<p><strong><span style=\"color: #ff6600;\"><span style=\"font-family: Arial,Helvetica;\">NEW ZEALAND<\/span><\/span><\/strong><\/p>\n<p><span style=\"font-family: Arial,Helvetica;\"><span style=\"color: #003300;\"><a href=\"http:\/\/www.assab.org\" target=\"_blank\" rel=\"noopener noreferrer\">Australasian Society for the Study of Animal Behaviour<\/a> (Australia and New Zealand)<\/span><\/span><\/p>\n<p><span style=\"font-family: Arial,Helvetica; color: #003300;\"><strong><span style=\"color: #ff6600;\">NORWAY<\/span><\/strong><\/span><\/p>\n<p><span style=\"font-family: Arial,Helvetica; color: #003300;\"><a href=\"http:\/\/www.asab.org\/\" target=\"_parent\" rel=\"noopener noreferrer\">ASAB<\/a>: Association for the Study of Animal Behaviour<\/span><span style=\"font-family: Arial,Helvetica; color: #003300;\"> (Europe)<\/span><\/p>\n<p><span style=\"font-family: Arial,Helvetica; color: #003300;\"><strong><span style=\"color: #ff6600;\">POLAND<\/span><\/strong><\/span><br \/>\n<span style=\"color: #003300;\"><a href=\"http:\/\/ptetol.nencki.gov.pl\/home_en.htm\" target=\"_parent\" rel=\"noopener noreferrer\">Polish Ethological Society<\/a><\/span><\/p>\n<p><span style=\"font-family: Arial,Helvetica;\"><span style=\"color: #003300;\"><strong><span style=\"color: #ff6600;\">PORTUGAL<\/span><\/strong><\/span><\/span><br \/>\n<a href=\"http:\/\/webpages.icav.up.pt\/beheco\/spe\/\" target=\"_blank\" rel=\"noopener noreferrer\">Sociedade Portuguesa de Etologia<\/a><\/p>\n<p><span style=\"font-family: Arial,Helvetica;\"><span style=\"color: #003300;\"><strong><span style=\"color: #ff6600;\">SPAIN<\/span><\/strong><\/span><\/span><br \/>\n<span style=\"color: #003300;\"><a href=\"http:\/\/www.uvigo.es\/webs\/c04\/webc04\/etologia\/SEE.html\" target=\"_blank\" rel=\"noopener noreferrer\">Sociedad Espa\u00f1ola de Etolog\u00eda \/ Spanish Ethological Society<\/a><\/span><\/p>\n<p><span style=\"font-family: Arial,Helvetica;\"><span style=\"color: #003300;\"><strong><span style=\"color: #ff6600;\">SWITZERLAND<\/span><\/strong><\/span><\/span><br \/>\n<a href=\"https:\/\/www.etho-ges.de\/wordpress\/\" target=\"_blank\" rel=\"noopener noreferrer\">Ethologische Gesellschaft<\/a><br \/>\nSwiss Society of Zoology<\/p>\n<p><span style=\"font-family: Arial,Helvetica;\"><span style=\"color: #003300;\"><strong><strong><span style=\"color: #ff6600;\">U.K.<\/span><\/strong><\/strong><\/span><\/span><\/p>\n<p><span style=\"font-family: Arial,Helvetica;\"><span style=\"color: #003300;\"><a href=\"http:\/\/www.asab.org\/\" target=\"_blank\" rel=\"noopener noreferrer\">ASAB<\/a>: Association for the Study of Animal Behaviour<\/span><\/span><\/p>\n<p><span style=\"font-family: Arial,Helvetica;\"><strong><span style=\"color: #ff6600;\">URUGUAY<\/span><\/strong><\/span><br \/>\n<a href=\"Sociedad Zool\u00f3gica del Uruguay\" target=\"_blank\" rel=\"noopener noreferrer\">Sociedad Zool\u00f3gica del Uruguay<\/a><\/p>\n<p><strong><span style=\"color: #ff6600;\">USA<\/span><\/strong><\/p>\n<p><span style=\"color: #003300;\"><a href=\"http:\/\/www.animalbehavior.org\/\" target=\"_blank\" rel=\"noopener noreferrer\">ABS<\/a>: Animal Behavior Society (North America)<\/span><\/p>\n<p><span style=\"font-family: Arial,Helvetica;\"><span style=\"color: #003300;\"><strong><span style=\"color: #ff6600;\">INTERNATIONAL<\/span><\/strong><\/span><\/span><\/p>\n<p><span style=\"font-family: Arial,Helvetica;\"><span style=\"color: #003300;\"><a href=\"http:\/\/www.applied-ethology.org\/\" target=\"_blank\" rel=\"noopener noreferrer\">ISAE: International Society for Applied Ethology<\/a><\/span><\/span><\/p>\n<p><span style=\"color: #003300;\"><a href=\"http:\/\/www.behavecol.com\" target=\"_blank\" rel=\"noopener noreferrer\">ISBE: International Society for Behavioral Ecology<\/a><\/span><\/p>\n<p><span style=\"color: #003300;\"><a href=\"http:\/\/evolution.anthro.univie.ac.at\/ishe\/\" target=\"_blank\" rel=\"noopener noreferrer\">ISHE: International Society for Human Ethology<\/a><\/span><\/p>\n<p><span style=\"color: #003300;\">International Symposium on Physiology and Ethology of Wild and Zoo Animals<\/span><\/p>\n<p><span style=\"font-family: Arial,Helvetica; color: #003300;\"><a href=\"http:\/\/www.neuroethology.org\/\" target=\"_blank\" rel=\"noopener noreferrer\">International Society for Neuroethology<\/a><\/span><\/p>\n<p><span style=\"color: #003300;\"><a href=\"http:\/\/www.iussi.org\/\" target=\"_blank\" rel=\"noopener noreferrer\">International Union for the Study of Social Insects<\/a><\/span><\/p>\n<p><a href=\"http:\/\/iussi.bees.net\/\" target=\"_blank\" rel=\"noopener noreferrer\">North American Chapter<\/a> | <a href=\"http:\/\/www.zi.ku.dk\/iussi\/\" target=\"_blank\" rel=\"noopener noreferrer\">U.K. Chapter<\/a><\/p>\n<p><span style=\"color: #993366;\"><a title=\"Ethology Worldwide\" href=\"http:\/\/www.ethologycouncil.org\/?page_id=166\"><span style=\"color: #993366;\">Return to the top<\/span><\/a><\/span><\/p>\n","protected":false},"excerpt":{"rendered":"<p>ARGENTINA Asociaci\u00f3n Argentina de Ecolog\u00eda AUSTRALIA Australasian Society for the Study of Animal Behaviour (Australia and New Zealand) AUSTRIA Ethologische Gesellschaft BRAZIL Sociedade Brasileira de Etologia CANADA Soci\u00e9t\u00e9 Qu\u00e9b\u00e9coise pour l&#8217;\u00c9tude Biologique du Comportement \/ Quebec Society for the Biological Study of Animal Behaviour ABS: Animal Behavior Society (North America) CHILE Sociedad Chilena de Etologia [&hellip;]<\/p>\n","protected":false},"author":5,"featured_media":0,"parent":0,"menu_order":0,"comment_status":"closed","ping_status":"closed","template":"","meta":[],"aioseo_notices":[],"_links":{"self":[{"href":"http:\/\/www.ethologycouncil.org\/index.php?rest_route=\/wp\/v2\/pages\/166"}],"collection":[{"href":"http:\/\/www.ethologycouncil.org\/index.php?rest_route=\/wp\/v2\/pages"}],"about":[{"href":"http:\/\/www.ethologycouncil.org\/index.php?rest_route=\/wp\/v2\/types\/page"}],"author":[{"embeddable":true,"href":"http:\/\/www.ethologycouncil.org\/index.php?rest_route=\/wp\/v2\/users\/5"}],"replies":[{"embeddable":true,"href":"http:\/\/www.ethologycouncil.org\/index.php?rest_route=%2Fwp%2Fv2%2Fcomments&post=166"}],"version-history":[{"count":35,"href":"http:\/\/www.ethologycouncil.org\/index.php?rest_route=\/wp\/v2\/pages\/166\/revisions"}],"predecessor-version":[{"id":774,"href":"http:\/\/www.ethologycouncil.org\/index.php?rest_route=\/wp\/v2\/pages\/166\/revisions\/774"}],"wp:attachment":[{"href":"http:\/\/www.ethologycouncil.org\/index.php?rest_route=%2Fwp%2Fv2%2Fmedia&parent=166"}],"curies":[{"name":"wp","href":"https:\/\/api.w.org\/{rel}","templated":true}]}}